{"id":1413,"date":"2018-05-24T14:19:04","date_gmt":"2018-05-24T12:19:04","guid":{"rendered":"https:\/\/www.alojared.com\/blog\/?page_id=1413"},"modified":"2018-05-24T14:40:00","modified_gmt":"2018-05-24T12:40:00","slug":"politica-de-privacidad","status":"publish","type":"page","link":"https:\/\/www.alojared.com\/blog\/politica-de-privacidad\/","title":{"rendered":"Pol\u00edtica de privacidad"},"content":{"rendered":"<h2>Qui\u00e9nes somos<\/h2>\n<p>La direcci\u00f3n de nuestro blog es: https:\/\/www.alojared.com\/blog\/<\/p>\n<p>La informaci\u00f3n de contacto de nuestra empresa es la siguiente:<\/p>\n<p>Internet People SL (B95232989)<br \/>\nC\/ Maria Pan\u00e9s 6, 4\u00ba IZQ<br \/>\n28003, Madrid<br \/>\nEspa\u00f1a<br \/>\n91 005 24 06<br \/>\nsoporte@alojared.com<\/p>\n<h2>Qu\u00e9 datos personales recogemos y por qu\u00e9 los recogemos<\/h2>\n<h3>Comentarios<\/h3>\n<p>Cuando los visitantes dejan comentarios en la web, recopilamos los datos que se muestran en el formulario de comentarios, as\u00ed como la direcci\u00f3n IP del visitante y la cadena de agentes de usuario del navegador para ayudar a la detecci\u00f3n de spam.<\/p>\n<p>Una cadena an\u00f3nima creada a partir de tu direcci\u00f3n de correo electr\u00f3nico (tambi\u00e9n llamada hash) puede ser proporcionada al servicio de Gravatar para ver si la est\u00e1s usando. La pol\u00edtica de privacidad del servicio Gravatar est\u00e1 disponible aqu\u00ed: https:\/\/automattic.com\/privacy\/. Despu\u00e9s de la aprobaci\u00f3n de tu comentario, la imagen de tu perfil es visible para el p\u00fablico en el contexto de su comentario.<\/p>\n<h3>Medios<\/h3>\n<p>Si subes im\u00e1genes a la web deber\u00edas evitar subir im\u00e1genes con datos de ubicaci\u00f3n (GPS EXIF) incluidos. Los visitantes de la web pueden descargar y extraer cualquier dato de localizaci\u00f3n de las im\u00e1genes de la web.<\/p>\n<h3>Formularios de contacto<\/h3>\n<h3>Cookies<\/h3>\n<p>Si dejas un comentario en nuestro sitio puedes elegir guardar tu nombre, direcci\u00f3n de correo electr\u00f3nico y web en cookies. Esto es para tu comodidad, para que no tengas que volver a rellenar tus datos cuando dejes otro comentario. Estas cookies tendr\u00e1n una duraci\u00f3n de un a\u00f1o.<\/p>\n<p>Si tienes una cuenta y te conectas a este sitio, instalaremos una cookie temporal para determinar si tu navegador acepta cookies. Esta cookie no contiene datos personales y se elimina al cerrar el navegador.<\/p>\n<p>Cuando inicias sesi\u00f3n, tambi\u00e9n instalaremos varias cookies para guardar tu informaci\u00f3n de inicio de sesi\u00f3n y tus opciones de visualizaci\u00f3n de pantalla. Las cookies de inicio de sesi\u00f3n duran dos d\u00edas, y las cookies de opciones de pantalla duran un a\u00f1o. Si seleccionas \u00abRecordarme\u00bb, tu inicio de sesi\u00f3n perdurar\u00e1 durante dos semanas. Si sales de tu cuenta, las cookies de inicio de sesi\u00f3n se eliminar\u00e1n.<\/p>\n<p>Si editas o publicas un art\u00edculo se guardar\u00e1 una cookie adicional en tu navegador. Esta cookie no incluye datos personales y simplemente indica el ID del art\u00edculo que acabas de editar. Caduca despu\u00e9s de 1 d\u00eda.<\/p>\n<h3>Contenido incrustado de otros sitios web<\/h3>\n<p>Los art\u00edculos de este sitio pueden incluir contenido incrustado (por ejemplo, v\u00eddeos, im\u00e1genes, art\u00edculos, etc.). El contenido incrustado de otras web se comporta exactamente de la misma manera que si el visitante hubiera visitado la otra web.<\/p>\n<p>Estas web pueden recopilar datos sobre ti, utilizar cookies, incrustar un seguimiento adicional de terceros, y supervisar tu interacci\u00f3n con ese contenido incrustado, incluido el seguimiento de su interacci\u00f3n con el contenido incrustado si tienes una cuenta y est\u00e1s conectado a esa web.<\/p>\n<h3>Anal\u00edtica<\/h3>\n<p>Esta p\u00e1gina Web utiliza Google Analytics, un servicio anal\u00edtico de web prestado por Google, Inc., una compa\u00f1\u00eda de Delaware cuya oficina principal est\u00e1 en 1600 Amphitheatre Parkway, Mountain View (California), CA 94043, Estados Unidos (\u201cGoogle\u201d). Google Analytics utiliza \u201ccookies\u201d para ayudar al website a analizar el uso que hacen los usuarios del sitio web.<\/p>\n<h2>Con qui\u00e9n compartimos tus datos<\/h2>\n<p>Por defecto no compartimos tus datos con terceros. No obstante, si decides compartir uno de nuestros art\u00edculos a trav\u00e9s de los distintos botones de redes sociales que ofrecemos en la parte inferior, se enviar\u00e1 tu IP a los servidores de dicha red social que podr\u00e1 utilizar la informaci\u00f3n seg\u00fan su propia pol\u00edtica de privacidad.<\/p>\n<h2>Cu\u00e1nto tiempo conservamos tus datos<\/h2>\n<p>Si dejas un comentario, el comentario y sus metadatos se conservan indefinidamente. Esto es para que podamos reconocer y aprobar comentarios sucesivos autom\u00e1ticamente en lugar de mantenerlos en una cola de moderaci\u00f3n.<\/p>\n<p>De los usuarios que se registran en nuestra web (si los hay), tambi\u00e9n almacenamos la informaci\u00f3n personal que proporcionan en su perfil de usuario. Todos los usuarios pueden ver, editar o eliminar su informaci\u00f3n personal en cualquier momento (excepto que no pueden cambiar su nombre de usuario). Los administradores de la web tambi\u00e9n pueden ver y editar esa informaci\u00f3n.<\/p>\n<h2>Qu\u00e9 derechos tienes sobre tus datos<\/h2>\n<p>Si tienes una cuenta o has dejado comentarios en esta web, puedes solicitar recibir un archivo de exportaci\u00f3n de los datos personales que tenemos sobre ti, incluyendo cualquier dato que nos hayas proporcionado. Tambi\u00e9n puedes solicitar que eliminemos cualquier dato personal que tengamos sobre ti. Esto no incluye ning\u00fan dato que estemos obligados a conservar con fines administrativos, legales o de seguridad.<\/p>\n<h2>D\u00f3nde enviamos tus datos<\/h2>\n<p>Los comentarios de los visitantes puede que los revise un servicio de detecci\u00f3n autom\u00e1tica de spam.<\/p>\n<h2>Tu informaci\u00f3n de contacto<\/h2>\n<p>Internet People SL (B95232989)<br \/>\nC\/ Maria Pan\u00e9s 6, 4\u00ba IZQ<br \/>\n28003, Madrid<br \/>\nEspa\u00f1a<br \/>\n91 005 24 06<br \/>\nsoporte@alojared.com<\/p>\n<h2>Informaci\u00f3n adicional<\/h2>\n<p>Esta pol\u00edtica de privacidad de datos hace referencia en exclusiva al uso de este blog: https:\/\/www.alojared.com\/blog\/<\/p>\n<p>Para m\u00e1s informaci\u00f3n sobre nuestra pol\u00edtica de privacidad de datos en relaci\u00f3n con nuestros clientes puedes visitar el siguiente enlace: https:\/\/www.alojared.com\/politica-de-privacidad\/<\/p>\n","protected":false},"excerpt":{"rendered":"<p>Qui\u00e9nes somos La direcci\u00f3n de nuestro blog es: https:\/\/www.alojared.com\/blog\/ La informaci\u00f3n de contacto de nuestra empresa es la siguiente: Internet People SL (B95232989) C\/ Maria Pan\u00e9s 6, 4\u00ba IZQ 28003, Madrid Espa\u00f1a 91 005 24 06 soporte@alojared.com Qu\u00e9 datos personales recogemos y por qu\u00e9 los recogemos Comentarios Cuando los visitantes dejan comentarios en la web,Seguir leyendo &rarr;<\/p>\n","protected":false},"author":1,"featured_media":0,"parent":0,"menu_order":0,"comment_status":"closed","ping_status":"closed","template":"","meta":{"_exactmetrics_skip_tracking":false,"_exactmetrics_sitenote_active":false,"_exactmetrics_sitenote_note":"","_exactmetrics_sitenote_category":0,"footnotes":""},"class_list":["post-1413","page","type-page","status-publish","hentry","no-thumb"],"yoast_head":"<!-- This site is optimized with the Yoast SEO plugin v27.0 - https:\/\/yoast.com\/product\/yoast-seo-wordpress\/ -->\n<title>Pol\u00edtica de privacidad - Blog Alojared<\/title>\n<meta name=\"robots\" content=\"index, follow, max-snippet:-1, max-image-preview:large, max-video-preview:-1\" \/>\n<link rel=\"canonical\" href=\"https:\/\/www.alojared.com\/blog\/politica-de-privacidad\/\" \/>\n<meta property=\"og:locale\" content=\"es_ES\" \/>\n<meta property=\"og:type\" content=\"article\" \/>\n<meta property=\"og:title\" content=\"Pol\u00edtica de privacidad - Blog Alojared\" \/>\n<meta property=\"og:description\" content=\"Qui\u00e9nes somos La direcci\u00f3n de nuestro blog es: https:\/\/www.alojared.com\/blog\/ La informaci\u00f3n de contacto de nuestra empresa es la siguiente: Internet People SL (B95232989) C\/ Maria Pan\u00e9s 6, 4\u00ba IZQ 28003, Madrid Espa\u00f1a 91 005 24 06 soporte@alojared.com Qu\u00e9 datos personales recogemos y por qu\u00e9 los recogemos Comentarios Cuando los visitantes dejan comentarios en la web,Seguir leyendo &rarr;\" \/>\n<meta property=\"og:url\" content=\"https:\/\/www.alojared.com\/blog\/politica-de-privacidad\/\" \/>\n<meta property=\"og:site_name\" content=\"Blog Alojared\" \/>\n<meta property=\"article:publisher\" content=\"https:\/\/www.facebook.com\/alojared\/\" \/>\n<meta property=\"article:modified_time\" content=\"2018-05-24T12:40:00+00:00\" \/>\n<meta name=\"twitter:card\" content=\"summary_large_image\" \/>\n<meta name=\"twitter:site\" content=\"@alojared\" \/>\n<meta name=\"twitter:label1\" content=\"Tiempo de lectura\" \/>\n\t<meta name=\"twitter:data1\" content=\"5 minutos\" \/>\n<script type=\"application\/ld+json\" class=\"yoast-schema-graph\">{\"@context\":\"https:\/\/schema.org\",\"@graph\":[{\"@type\":\"WebPage\",\"@id\":\"https:\/\/www.alojared.com\/blog\/politica-de-privacidad\/\",\"url\":\"https:\/\/www.alojared.com\/blog\/politica-de-privacidad\/\",\"name\":\"Pol\u00edtica de privacidad - Blog Alojared\",\"isPartOf\":{\"@id\":\"https:\/\/www.alojared.com\/blog\/#website\"},\"datePublished\":\"2018-05-24T12:19:04+00:00\",\"dateModified\":\"2018-05-24T12:40:00+00:00\",\"breadcrumb\":{\"@id\":\"https:\/\/www.alojared.com\/blog\/politica-de-privacidad\/#breadcrumb\"},\"inLanguage\":\"es\",\"potentialAction\":[{\"@type\":\"ReadAction\",\"target\":[\"https:\/\/www.alojared.com\/blog\/politica-de-privacidad\/\"]}]},{\"@type\":\"BreadcrumbList\",\"@id\":\"https:\/\/www.alojared.com\/blog\/politica-de-privacidad\/#breadcrumb\",\"itemListElement\":[{\"@type\":\"ListItem\",\"position\":1,\"name\":\"Portada\",\"item\":\"https:\/\/www.alojared.com\/blog\/\"},{\"@type\":\"ListItem\",\"position\":2,\"name\":\"Pol\u00edtica de privacidad\"}]},{\"@type\":\"WebSite\",\"@id\":\"https:\/\/www.alojared.com\/blog\/#website\",\"url\":\"https:\/\/www.alojared.com\/blog\/\",\"name\":\"Blog Alojared\",\"description\":\"Hosting SSD, WordPress y Servidores VPS en el Blog de alojared\",\"publisher\":{\"@id\":\"https:\/\/www.alojared.com\/blog\/#organization\"},\"potentialAction\":[{\"@type\":\"SearchAction\",\"target\":{\"@type\":\"EntryPoint\",\"urlTemplate\":\"https:\/\/www.alojared.com\/blog\/?s={search_term_string}\"},\"query-input\":{\"@type\":\"PropertyValueSpecification\",\"valueRequired\":true,\"valueName\":\"search_term_string\"}}],\"inLanguage\":\"es\"},{\"@type\":\"Organization\",\"@id\":\"https:\/\/www.alojared.com\/blog\/#organization\",\"name\":\"alojared\",\"url\":\"https:\/\/www.alojared.com\/blog\/\",\"logo\":{\"@type\":\"ImageObject\",\"inLanguage\":\"es\",\"@id\":\"https:\/\/www.alojared.com\/blog\/#\/schema\/logo\/image\/\",\"url\":\"https:\/\/www.alojared.com\/blog\/wp-content\/uploads\/2018\/03\/logo-alojared-blog.png\",\"contentUrl\":\"https:\/\/www.alojared.com\/blog\/wp-content\/uploads\/2018\/03\/logo-alojared-blog.png\",\"width\":236,\"height\":66,\"caption\":\"alojared\"},\"image\":{\"@id\":\"https:\/\/www.alojared.com\/blog\/#\/schema\/logo\/image\/\"},\"sameAs\":[\"https:\/\/www.facebook.com\/alojared\/\",\"https:\/\/x.com\/alojared\"]}]}<\/script>\n<!-- \/ Yoast SEO plugin. -->","yoast_head_json":{"title":"Pol\u00edtica de privacidad - Blog Alojared","robots":{"index":"index","follow":"follow","max-snippet":"max-snippet:-1","max-image-preview":"max-image-preview:large","max-video-preview":"max-video-preview:-1"},"canonical":"https:\/\/www.alojared.com\/blog\/politica-de-privacidad\/","og_locale":"es_ES","og_type":"article","og_title":"Pol\u00edtica de privacidad - Blog Alojared","og_description":"Qui\u00e9nes somos La direcci\u00f3n de nuestro blog es: https:\/\/www.alojared.com\/blog\/ La informaci\u00f3n de contacto de nuestra empresa es la siguiente: Internet People SL (B95232989) C\/ Maria Pan\u00e9s 6, 4\u00ba IZQ 28003, Madrid Espa\u00f1a 91 005 24 06 soporte@alojared.com Qu\u00e9 datos personales recogemos y por qu\u00e9 los recogemos Comentarios Cuando los visitantes dejan comentarios en la web,Seguir leyendo &rarr;","og_url":"https:\/\/www.alojared.com\/blog\/politica-de-privacidad\/","og_site_name":"Blog Alojared","article_publisher":"https:\/\/www.facebook.com\/alojared\/","article_modified_time":"2018-05-24T12:40:00+00:00","twitter_card":"summary_large_image","twitter_site":"@alojared","twitter_misc":{"Tiempo de lectura":"5 minutos"},"schema":{"@context":"https:\/\/schema.org","@graph":[{"@type":"WebPage","@id":"https:\/\/www.alojared.com\/blog\/politica-de-privacidad\/","url":"https:\/\/www.alojared.com\/blog\/politica-de-privacidad\/","name":"Pol\u00edtica de privacidad - Blog Alojared","isPartOf":{"@id":"https:\/\/www.alojared.com\/blog\/#website"},"datePublished":"2018-05-24T12:19:04+00:00","dateModified":"2018-05-24T12:40:00+00:00","breadcrumb":{"@id":"https:\/\/www.alojared.com\/blog\/politica-de-privacidad\/#breadcrumb"},"inLanguage":"es","potentialAction":[{"@type":"ReadAction","target":["https:\/\/www.alojared.com\/blog\/politica-de-privacidad\/"]}]},{"@type":"BreadcrumbList","@id":"https:\/\/www.alojared.com\/blog\/politica-de-privacidad\/#breadcrumb","itemListElement":[{"@type":"ListItem","position":1,"name":"Portada","item":"https:\/\/www.alojared.com\/blog\/"},{"@type":"ListItem","position":2,"name":"Pol\u00edtica de privacidad"}]},{"@type":"WebSite","@id":"https:\/\/www.alojared.com\/blog\/#website","url":"https:\/\/www.alojared.com\/blog\/","name":"Blog Alojared","description":"Hosting SSD, WordPress y Servidores VPS en el Blog de alojared","publisher":{"@id":"https:\/\/www.alojared.com\/blog\/#organization"},"potentialAction":[{"@type":"SearchAction","target":{"@type":"EntryPoint","urlTemplate":"https:\/\/www.alojared.com\/blog\/?s={search_term_string}"},"query-input":{"@type":"PropertyValueSpecification","valueRequired":true,"valueName":"search_term_string"}}],"inLanguage":"es"},{"@type":"Organization","@id":"https:\/\/www.alojared.com\/blog\/#organization","name":"alojared","url":"https:\/\/www.alojared.com\/blog\/","logo":{"@type":"ImageObject","inLanguage":"es","@id":"https:\/\/www.alojared.com\/blog\/#\/schema\/logo\/image\/","url":"https:\/\/www.alojared.com\/blog\/wp-content\/uploads\/2018\/03\/logo-alojared-blog.png","contentUrl":"https:\/\/www.alojared.com\/blog\/wp-content\/uploads\/2018\/03\/logo-alojared-blog.png","width":236,"height":66,"caption":"alojared"},"image":{"@id":"https:\/\/www.alojared.com\/blog\/#\/schema\/logo\/image\/"},"sameAs":["https:\/\/www.facebook.com\/alojared\/","https:\/\/x.com\/alojared"]}]}},"_links":{"self":[{"href":"https:\/\/www.alojared.com\/blog\/wp-json\/wp\/v2\/pages\/1413","targetHints":{"allow":["GET"]}}],"collection":[{"href":"https:\/\/www.alojared.com\/blog\/wp-json\/wp\/v2\/pages"}],"about":[{"href":"https:\/\/www.alojared.com\/blog\/wp-json\/wp\/v2\/types\/page"}],"author":[{"embeddable":true,"href":"https:\/\/www.alojared.com\/blog\/wp-json\/wp\/v2\/users\/1"}],"replies":[{"embeddable":true,"href":"https:\/\/www.alojared.com\/blog\/wp-json\/wp\/v2\/comments?post=1413"}],"version-history":[{"count":0,"href":"https:\/\/www.alojared.com\/blog\/wp-json\/wp\/v2\/pages\/1413\/revisions"}],"wp:attachment":[{"href":"https:\/\/www.alojared.com\/blog\/wp-json\/wp\/v2\/media?parent=1413"}],"curies":[{"name":"wp","href":"https:\/\/api.w.org\/{rel}","templated":true}]}}